{"id":144,"date":"2016-04-27T13:35:50","date_gmt":"2016-04-27T11:35:50","guid":{"rendered":"http:\/\/creartistic.it\/shop\/paioli-in-rame\/paioli-rame-tradizionali\/paiolo-in-rame-tradizionale-cm-55\/"},"modified":"2023-07-21T10:07:34","modified_gmt":"2023-07-21T08:07:34","slug":"paiolo-in-rame-50-litri","status":"publish","type":"product","link":"https:\/\/creartistic.it\/en\/shop\/paioli\/paioli-rame-tradizionali\/paiolo-in-rame-50-litri\/","title":{"rendered":"Paiolo in rame per polenta 50 litri (cm. 55)"},"content":{"rendered":"<section class=\"l-section wpb_row height_medium\"><div class=\"l-section-h i-cf\"><div class=\"g-cols vc_row via_grid cols_2 laptops-cols_inherit tablets-cols_inherit mobiles-cols_1 valign_top type_default stacking_default\" style=\"--columns-gap:calc(3rem + 35);\"><div class=\"wpb_column vc_column_container\"><div class=\"vc_column-inner\"><div class=\"wpb_text_column\"><div class=\"wpb_wrapper\"><p>Con i suoi 50 litri \u00e8 il paiolo in rame per polenta ideale per pro loco, grandi gruppi, associazioni, feste o sagre. E\u2019 perfetto anche per la lavorazione del latte per fare il formaggio Con l\u2019elevato spessore di 15\/10 garantisce efficienza durante l\u2019utilizzo e una grande durata nel tempo.<\/p>\n<h3>Caratteristiche del paiolo da 50 litri<\/h3>\n<ul>\n<li>Lavoriamo solo con il rame migliore, puro al 100%<\/li>\n<li>Martellatura eseguita a mano<\/li>\n<li>Asole in ottone attaccate al paiolo con solidi rivetti sempre in rame<\/li>\n<li>Manico in ferro forgiato a mano<\/li>\n<li>Il fondo bombato del paiolo in rame da 50 litri rende pi\u00f9 facile mescolare la polenta.<\/li>\n<li>E\u2019 un pezzo unico, senza saldature.<\/li>\n<\/ul>\n<p>Il paiolo in rame \u00e8 praticamente eterno, dura nel tempo e mantiene sempre le sue caratteristiche. Inoltre consente di cuocere a fiamma bassa in modo omogeneo.<\/p>\n<\/div><\/div><\/div><\/div><div class=\"wpb_column vc_column_container\"><div class=\"vc_column-inner\"><div class=\"wpb_text_column\"><div class=\"wpb_wrapper\"><h3>Come pulire il paiolo in rame da 50 litri<\/h3>\n<p>Dopo aver preparato la polenta ti consigliamo di lasciare in ammollo per qualche ora il tuo paiolo. Dopo sar\u00e0 semplicissimo pulirlo con un miscuglio di farina gialla, aceto e sale grosso.<\/p>\n<h3>Curiosit\u00e0<\/h3>\n<p>Si consiglia il paiolo di rame poich\u00e9 \u00e8 un materiale che conduce il calore meglio di qualsiasi altro. Il rame ha una conduttivit\u00e0 espressa in 392 W\/m\u00b0K mentre l&#8217;acciaio inox solo 16\u00a0W\/m\u00b0K.<\/p>\n<h3>Consiglio<\/h3>\n<p>Accompagna la tua polenta con funghi, spezzatino, brasato, salsiccia o formaggio alla piastra.<\/p>\n<\/div><\/div><\/div><\/div><\/div><\/div><\/section>\n","protected":false},"excerpt":{"rendered":"<p>Paiolo in rame per polenta<br \/>\nFondo bombato<br \/>\nDiametro\u00a0cm. 55<br \/>\nAltezza\u00a0cm. 35<br \/>\nCapacit\u00e0\u00a050 litri.<br \/>\nSpessore\u00a015\/10<\/p>\n","protected":false},"featured_media":22574,"comment_status":"open","ping_status":"closed","template":"","meta":[],"product_cat":[7],"product_tag":[10],"class_list":{"0":"post-144","1":"product","2":"type-product","3":"status-publish","4":"has-post-thumbnail","6":"product_cat-paioli-rame-tradizionali","7":"product_tag-paioli","9":"first","10":"instock","11":"shipping-taxable","12":"purchasable","13":"product-type-simple"},"yoast_head":"<!-- This site is optimized with the Yoast SEO plugin v24.0 - https:\/\/yoast.com\/wordpress\/plugins\/seo\/ -->\n<title>Paiolo in rame per polenta 50 litri (cm. 55) - Creartistic<\/title>\n<meta name=\"description\" content=\"Paiolo in rame da 50 litri di grande qualit\u00e0. Con lo spessore di 15\/10 garantisce efficienza e durata nel tempo. Abbiamo anche altre misure\" \/>\n<meta name=\"robots\" content=\"index, follow, max-snippet:-1, max-image-preview:large, max-video-preview:-1\" \/>\n<link rel=\"canonical\" href=\"https:\/\/creartistic.it\/shop\/paioli\/paioli-rame-tradizionali\/paiolo-in-rame-50-litri\/\" \/>\n<meta property=\"og:locale\" content=\"en_US\" \/>\n<meta property=\"og:type\" content=\"article\" \/>\n<meta property=\"og:title\" content=\"Paiolo in rame per polenta 50 litri (cm. 55) - Creartistic\" \/>\n<meta property=\"og:description\" content=\"Paiolo in rame da 50 litri di grande qualit\u00e0. Con lo spessore di 15\/10 garantisce efficienza e durata nel tempo. Abbiamo anche altre misure\" \/>\n<meta property=\"og:url\" content=\"https:\/\/creartistic.it\/shop\/paioli\/paioli-rame-tradizionali\/paiolo-in-rame-50-litri\/\" \/>\n<meta property=\"og:site_name\" content=\"Creartistic\" \/>\n<meta property=\"article:modified_time\" content=\"2023-07-21T08:07:34+00:00\" \/>\n<meta property=\"og:image\" content=\"https:\/\/creartistic.it\/wp-content\/uploads\/2016\/04\/Paiolo-in-rame-per-polenta-50-litri-cm.-55.jpg\" \/>\n\t<meta property=\"og:image:width\" content=\"1200\" \/>\n\t<meta property=\"og:image:height\" content=\"900\" \/>\n\t<meta property=\"og:image:type\" content=\"image\/jpeg\" \/>\n<meta name=\"twitter:card\" content=\"summary_large_image\" \/>\n<meta name=\"twitter:label1\" content=\"Est. reading time\" \/>\n\t<meta name=\"twitter:data1\" content=\"2 minutes\" \/>\n<script type=\"application\/ld+json\" class=\"yoast-schema-graph\">{\"@context\":\"https:\/\/schema.org\",\"@graph\":[{\"@type\":\"WebPage\",\"@id\":\"https:\/\/creartistic.it\/shop\/paioli\/paioli-rame-tradizionali\/paiolo-in-rame-50-litri\/\",\"url\":\"https:\/\/creartistic.it\/shop\/paioli\/paioli-rame-tradizionali\/paiolo-in-rame-50-litri\/\",\"name\":\"Paiolo in rame per polenta 50 litri (cm. 55) - Creartistic\",\"isPartOf\":{\"@id\":\"https:\/\/creartistic.it\/#website\"},\"primaryImageOfPage\":{\"@id\":\"https:\/\/creartistic.it\/shop\/paioli\/paioli-rame-tradizionali\/paiolo-in-rame-50-litri\/#primaryimage\"},\"image\":{\"@id\":\"https:\/\/creartistic.it\/shop\/paioli\/paioli-rame-tradizionali\/paiolo-in-rame-50-litri\/#primaryimage\"},\"thumbnailUrl\":\"https:\/\/creartistic.it\/wp-content\/uploads\/2016\/04\/Paiolo-in-rame-per-polenta-50-litri-cm.-55.jpg\",\"datePublished\":\"2016-04-27T11:35:50+00:00\",\"dateModified\":\"2023-07-21T08:07:34+00:00\",\"description\":\"Paiolo in rame da 50 litri di grande qualit\u00e0. Con lo spessore di 15\/10 garantisce efficienza e durata nel tempo. Abbiamo anche altre misure\",\"breadcrumb\":{\"@id\":\"https:\/\/creartistic.it\/shop\/paioli\/paioli-rame-tradizionali\/paiolo-in-rame-50-litri\/#breadcrumb\"},\"inLanguage\":\"en-US\",\"potentialAction\":[{\"@type\":\"ReadAction\",\"target\":[\"https:\/\/creartistic.it\/shop\/paioli\/paioli-rame-tradizionali\/paiolo-in-rame-50-litri\/\"]}]},{\"@type\":\"ImageObject\",\"inLanguage\":\"en-US\",\"@id\":\"https:\/\/creartistic.it\/shop\/paioli\/paioli-rame-tradizionali\/paiolo-in-rame-50-litri\/#primaryimage\",\"url\":\"https:\/\/creartistic.it\/wp-content\/uploads\/2016\/04\/Paiolo-in-rame-per-polenta-50-litri-cm.-55.jpg\",\"contentUrl\":\"https:\/\/creartistic.it\/wp-content\/uploads\/2016\/04\/Paiolo-in-rame-per-polenta-50-litri-cm.-55.jpg\",\"width\":1200,\"height\":900},{\"@type\":\"BreadcrumbList\",\"@id\":\"https:\/\/creartistic.it\/shop\/paioli\/paioli-rame-tradizionali\/paiolo-in-rame-50-litri\/#breadcrumb\",\"itemListElement\":[{\"@type\":\"ListItem\",\"position\":1,\"name\":\"Home\",\"item\":\"https:\/\/creartistic.it\/en\/\"},{\"@type\":\"ListItem\",\"position\":2,\"name\":\"Shop\",\"item\":\"https:\/\/creartistic.it\/en\/shop\/\"},{\"@type\":\"ListItem\",\"position\":3,\"name\":\"Paiolo in rame per polenta 50 litri (cm. 55)\"}]},{\"@type\":\"WebSite\",\"@id\":\"https:\/\/creartistic.it\/#website\",\"url\":\"https:\/\/creartistic.it\/\",\"name\":\"Creartistic\",\"description\":\"Creartistic\",\"potentialAction\":[{\"@type\":\"SearchAction\",\"target\":{\"@type\":\"EntryPoint\",\"urlTemplate\":\"https:\/\/creartistic.it\/?s={search_term_string}\"},\"query-input\":{\"@type\":\"PropertyValueSpecification\",\"valueRequired\":true,\"valueName\":\"search_term_string\"}}],\"inLanguage\":\"en-US\"}]}<\/script>\n<!-- \/ Yoast SEO plugin. -->","yoast_head_json":{"title":"Paiolo in rame per polenta 50 litri (cm. 55) - Creartistic","description":"Paiolo in rame da 50 litri di grande qualit\u00e0. Con lo spessore di 15\/10 garantisce efficienza e durata nel tempo. Abbiamo anche altre misure","robots":{"index":"index","follow":"follow","max-snippet":"max-snippet:-1","max-image-preview":"max-image-preview:large","max-video-preview":"max-video-preview:-1"},"canonical":"https:\/\/creartistic.it\/shop\/paioli\/paioli-rame-tradizionali\/paiolo-in-rame-50-litri\/","og_locale":"en_US","og_type":"article","og_title":"Paiolo in rame per polenta 50 litri (cm. 55) - Creartistic","og_description":"Paiolo in rame da 50 litri di grande qualit\u00e0. Con lo spessore di 15\/10 garantisce efficienza e durata nel tempo. Abbiamo anche altre misure","og_url":"https:\/\/creartistic.it\/shop\/paioli\/paioli-rame-tradizionali\/paiolo-in-rame-50-litri\/","og_site_name":"Creartistic","article_modified_time":"2023-07-21T08:07:34+00:00","og_image":[{"width":1200,"height":900,"url":"https:\/\/creartistic.it\/wp-content\/uploads\/2016\/04\/Paiolo-in-rame-per-polenta-50-litri-cm.-55.jpg","type":"image\/jpeg"}],"twitter_card":"summary_large_image","twitter_misc":{"Est. reading time":"2 minutes"},"schema":{"@context":"https:\/\/schema.org","@graph":[{"@type":"WebPage","@id":"https:\/\/creartistic.it\/shop\/paioli\/paioli-rame-tradizionali\/paiolo-in-rame-50-litri\/","url":"https:\/\/creartistic.it\/shop\/paioli\/paioli-rame-tradizionali\/paiolo-in-rame-50-litri\/","name":"Paiolo in rame per polenta 50 litri (cm. 55) - Creartistic","isPartOf":{"@id":"https:\/\/creartistic.it\/#website"},"primaryImageOfPage":{"@id":"https:\/\/creartistic.it\/shop\/paioli\/paioli-rame-tradizionali\/paiolo-in-rame-50-litri\/#primaryimage"},"image":{"@id":"https:\/\/creartistic.it\/shop\/paioli\/paioli-rame-tradizionali\/paiolo-in-rame-50-litri\/#primaryimage"},"thumbnailUrl":"https:\/\/creartistic.it\/wp-content\/uploads\/2016\/04\/Paiolo-in-rame-per-polenta-50-litri-cm.-55.jpg","datePublished":"2016-04-27T11:35:50+00:00","dateModified":"2023-07-21T08:07:34+00:00","description":"Paiolo in rame da 50 litri di grande qualit\u00e0. Con lo spessore di 15\/10 garantisce efficienza e durata nel tempo. Abbiamo anche altre misure","breadcrumb":{"@id":"https:\/\/creartistic.it\/shop\/paioli\/paioli-rame-tradizionali\/paiolo-in-rame-50-litri\/#breadcrumb"},"inLanguage":"en-US","potentialAction":[{"@type":"ReadAction","target":["https:\/\/creartistic.it\/shop\/paioli\/paioli-rame-tradizionali\/paiolo-in-rame-50-litri\/"]}]},{"@type":"ImageObject","inLanguage":"en-US","@id":"https:\/\/creartistic.it\/shop\/paioli\/paioli-rame-tradizionali\/paiolo-in-rame-50-litri\/#primaryimage","url":"https:\/\/creartistic.it\/wp-content\/uploads\/2016\/04\/Paiolo-in-rame-per-polenta-50-litri-cm.-55.jpg","contentUrl":"https:\/\/creartistic.it\/wp-content\/uploads\/2016\/04\/Paiolo-in-rame-per-polenta-50-litri-cm.-55.jpg","width":1200,"height":900},{"@type":"BreadcrumbList","@id":"https:\/\/creartistic.it\/shop\/paioli\/paioli-rame-tradizionali\/paiolo-in-rame-50-litri\/#breadcrumb","itemListElement":[{"@type":"ListItem","position":1,"name":"Home","item":"https:\/\/creartistic.it\/en\/"},{"@type":"ListItem","position":2,"name":"Shop","item":"https:\/\/creartistic.it\/en\/shop\/"},{"@type":"ListItem","position":3,"name":"Paiolo in rame per polenta 50 litri (cm. 55)"}]},{"@type":"WebSite","@id":"https:\/\/creartistic.it\/#website","url":"https:\/\/creartistic.it\/","name":"Creartistic","description":"Creartistic","potentialAction":[{"@type":"SearchAction","target":{"@type":"EntryPoint","urlTemplate":"https:\/\/creartistic.it\/?s={search_term_string}"},"query-input":{"@type":"PropertyValueSpecification","valueRequired":true,"valueName":"search_term_string"}}],"inLanguage":"en-US"}]}},"_links":{"self":[{"href":"https:\/\/creartistic.it\/en\/wp-json\/wp\/v2\/product\/144","targetHints":{"allow":["GET"]}}],"collection":[{"href":"https:\/\/creartistic.it\/en\/wp-json\/wp\/v2\/product"}],"about":[{"href":"https:\/\/creartistic.it\/en\/wp-json\/wp\/v2\/types\/product"}],"replies":[{"embeddable":true,"href":"https:\/\/creartistic.it\/en\/wp-json\/wp\/v2\/comments?post=144"}],"wp:featuredmedia":[{"embeddable":true,"href":"https:\/\/creartistic.it\/en\/wp-json\/wp\/v2\/media\/22574"}],"wp:attachment":[{"href":"https:\/\/creartistic.it\/en\/wp-json\/wp\/v2\/media?parent=144"}],"wp:term":[{"taxonomy":"product_cat","embeddable":true,"href":"https:\/\/creartistic.it\/en\/wp-json\/wp\/v2\/product_cat?post=144"},{"taxonomy":"product_tag","embeddable":true,"href":"https:\/\/creartistic.it\/en\/wp-json\/wp\/v2\/product_tag?post=144"}],"curies":[{"name":"wp","href":"https:\/\/api.w.org\/{rel}","templated":true}]}}