{"id":22605,"date":"2023-08-02T18:25:48","date_gmt":"2023-08-02T16:25:48","guid":{"rendered":"https:\/\/creartistic.it\/?post_type=product&#038;p=22605"},"modified":"2025-02-17T08:42:48","modified_gmt":"2025-02-17T07:42:48","slug":"padella-per-flambe-con-manico-di-legno-cm-27","status":"publish","type":"product","link":"https:\/\/creartistic.it\/en\/shop\/tegami\/padelle-per-flambe\/padella-per-flambe-con-manico-di-legno-cm-27\/","title":{"rendered":"Padella per flamb\u00e8 con manico di legno cm. 27"},"content":{"rendered":"<p>Padella per il flamb\u00e9 ideale per la cottura in sala che termina nel flambage, un\u2019arte di grande impatto scenografico.<\/p>\n<p>Nella realizzazione \u00e8 stato utilizzato rame certificato di prima qualit\u00e0 ed \u00e8 un esempio di come la lavorazione artigianale possa incontrare facilmente il design.<\/p>\n<p>Professionale e funzionale padella in rame stagnato dallo spessore di 1,5 mm con un comodo manico in legno, disponibile in tre diverse misure.<\/p>\n<p>Padella dalle pareti basse, leggermente conica.<\/p>\n<p>Il rame permette una perfetta distribuzione del calore su tutta la superficie consentendoti di scottare subito la pietanza e di completare la cottura anche a fuoco basso o spento. \u00a0E\u2019 munita di un lungo manico in legno.<\/p>\n<p>Caratteristiche<\/p>\n<ul>\n<li>Utilizziamo solo rame puro<\/li>\n<li>Lavorata da abili artigiani per renderla superiore dal punto di vista estetico e allo stesso tempo pi\u00f9 resistente<\/li>\n<li>Ha un manico di legno, attaccato con solidi rivetti in rame stagnato.<\/li>\n<li>Senza coperchio<\/li>\n<li>Pu\u00f2 essere utilizzata sia su fiamma che in forno ma non con piastre a induzione<\/li>\n<li>Stagnatura interna fatta a mano solo con stagno puro.<\/li>\n<\/ul>\n<p>&nbsp;<\/p>\n<p>&nbsp;<\/p>\n<p>Consiglio<\/p>\n<p>Non lasciare mai la padella sul fuoco senza olio o burro.<\/p>\n<p>Curiosit\u00e0<\/p>\n<p>Per mantenere a lungo la stagnatura interna si raccomanda di non pulire con sostanze abrasive. Meglio lasciarla in ammollo un po\u2019 pi\u00f9 a lungo e poi lavarla con una spugna morbida.<\/p>\n","protected":false},"excerpt":{"rendered":"<p>Padella cm. 27<br \/>\nDiametro cm. 27<br \/>\nAltezza cm. 4<br \/>\nCapacit\u00e0 2 litri<br \/>\nSpessore 15\/10<br \/>\nLunghezza del manico cm.23<\/p>\n","protected":false},"featured_media":22606,"comment_status":"open","ping_status":"closed","template":"","meta":[],"product_cat":[123],"product_tag":[],"class_list":{"0":"post-22605","1":"product","2":"type-product","3":"status-publish","4":"has-post-thumbnail","6":"product_cat-padelle-per-flambe","8":"first","9":"instock","10":"shipping-taxable","11":"purchasable","12":"product-type-simple"},"yoast_head":"<!-- This site is optimized with the Yoast SEO plugin v24.0 - https:\/\/yoast.com\/wordpress\/plugins\/seo\/ -->\n<title>Padella per flamb\u00e8 con manico di legno cm. 27 - Creartistic<\/title>\n<meta name=\"robots\" content=\"index, follow, max-snippet:-1, max-image-preview:large, max-video-preview:-1\" \/>\n<link rel=\"canonical\" href=\"https:\/\/creartistic.it\/shop\/tegami\/padelle-per-flambe\/padella-per-flambe-con-manico-di-legno-cm-27\/\" \/>\n<meta property=\"og:locale\" content=\"en_US\" \/>\n<meta property=\"og:type\" content=\"article\" \/>\n<meta property=\"og:title\" content=\"Padella per flamb\u00e8 con manico di legno cm. 27 - Creartistic\" \/>\n<meta property=\"og:description\" content=\"Padella cm. 27 Diametro cm. 27 Altezza cm. 4 Capacit\u00e0 2 litri Spessore 15\/10 Lunghezza del manico cm.23\" \/>\n<meta property=\"og:url\" content=\"https:\/\/creartistic.it\/shop\/tegami\/padelle-per-flambe\/padella-per-flambe-con-manico-di-legno-cm-27\/\" \/>\n<meta property=\"og:site_name\" content=\"Creartistic\" \/>\n<meta property=\"article:modified_time\" content=\"2025-02-17T07:42:48+00:00\" \/>\n<meta property=\"og:image\" content=\"https:\/\/creartistic.it\/wp-content\/uploads\/2023\/08\/Padella-per-flambe-con-manico-di-legno-cm.-27.jpg\" \/>\n\t<meta property=\"og:image:width\" content=\"1200\" \/>\n\t<meta property=\"og:image:height\" content=\"900\" \/>\n\t<meta property=\"og:image:type\" content=\"image\/jpeg\" \/>\n<meta name=\"twitter:card\" content=\"summary_large_image\" \/>\n<meta name=\"twitter:label1\" content=\"Est. reading time\" \/>\n\t<meta name=\"twitter:data1\" content=\"2 minutes\" \/>\n<script type=\"application\/ld+json\" class=\"yoast-schema-graph\">{\"@context\":\"https:\/\/schema.org\",\"@graph\":[{\"@type\":\"WebPage\",\"@id\":\"https:\/\/creartistic.it\/shop\/tegami\/padelle-per-flambe\/padella-per-flambe-con-manico-di-legno-cm-27\/\",\"url\":\"https:\/\/creartistic.it\/shop\/tegami\/padelle-per-flambe\/padella-per-flambe-con-manico-di-legno-cm-27\/\",\"name\":\"Padella per flamb\u00e8 con manico di legno cm. 27 - Creartistic\",\"isPartOf\":{\"@id\":\"https:\/\/creartistic.it\/#website\"},\"primaryImageOfPage\":{\"@id\":\"https:\/\/creartistic.it\/shop\/tegami\/padelle-per-flambe\/padella-per-flambe-con-manico-di-legno-cm-27\/#primaryimage\"},\"image\":{\"@id\":\"https:\/\/creartistic.it\/shop\/tegami\/padelle-per-flambe\/padella-per-flambe-con-manico-di-legno-cm-27\/#primaryimage\"},\"thumbnailUrl\":\"https:\/\/creartistic.it\/wp-content\/uploads\/2023\/08\/Padella-per-flambe-con-manico-di-legno-cm.-27.jpg\",\"datePublished\":\"2023-08-02T16:25:48+00:00\",\"dateModified\":\"2025-02-17T07:42:48+00:00\",\"breadcrumb\":{\"@id\":\"https:\/\/creartistic.it\/shop\/tegami\/padelle-per-flambe\/padella-per-flambe-con-manico-di-legno-cm-27\/#breadcrumb\"},\"inLanguage\":\"en-US\",\"potentialAction\":[{\"@type\":\"ReadAction\",\"target\":[\"https:\/\/creartistic.it\/shop\/tegami\/padelle-per-flambe\/padella-per-flambe-con-manico-di-legno-cm-27\/\"]}]},{\"@type\":\"ImageObject\",\"inLanguage\":\"en-US\",\"@id\":\"https:\/\/creartistic.it\/shop\/tegami\/padelle-per-flambe\/padella-per-flambe-con-manico-di-legno-cm-27\/#primaryimage\",\"url\":\"https:\/\/creartistic.it\/wp-content\/uploads\/2023\/08\/Padella-per-flambe-con-manico-di-legno-cm.-27.jpg\",\"contentUrl\":\"https:\/\/creartistic.it\/wp-content\/uploads\/2023\/08\/Padella-per-flambe-con-manico-di-legno-cm.-27.jpg\",\"width\":1200,\"height\":900},{\"@type\":\"BreadcrumbList\",\"@id\":\"https:\/\/creartistic.it\/shop\/tegami\/padelle-per-flambe\/padella-per-flambe-con-manico-di-legno-cm-27\/#breadcrumb\",\"itemListElement\":[{\"@type\":\"ListItem\",\"position\":1,\"name\":\"Home\",\"item\":\"https:\/\/creartistic.it\/en\/\"},{\"@type\":\"ListItem\",\"position\":2,\"name\":\"Shop\",\"item\":\"https:\/\/creartistic.it\/en\/shop\/\"},{\"@type\":\"ListItem\",\"position\":3,\"name\":\"Padella per flamb\u00e8 con manico di legno cm. 27\"}]},{\"@type\":\"WebSite\",\"@id\":\"https:\/\/creartistic.it\/#website\",\"url\":\"https:\/\/creartistic.it\/\",\"name\":\"Creartistic\",\"description\":\"Creartistic\",\"potentialAction\":[{\"@type\":\"SearchAction\",\"target\":{\"@type\":\"EntryPoint\",\"urlTemplate\":\"https:\/\/creartistic.it\/?s={search_term_string}\"},\"query-input\":{\"@type\":\"PropertyValueSpecification\",\"valueRequired\":true,\"valueName\":\"search_term_string\"}}],\"inLanguage\":\"en-US\"}]}<\/script>\n<!-- \/ Yoast SEO plugin. -->","yoast_head_json":{"title":"Padella per flamb\u00e8 con manico di legno cm. 27 - Creartistic","robots":{"index":"index","follow":"follow","max-snippet":"max-snippet:-1","max-image-preview":"max-image-preview:large","max-video-preview":"max-video-preview:-1"},"canonical":"https:\/\/creartistic.it\/shop\/tegami\/padelle-per-flambe\/padella-per-flambe-con-manico-di-legno-cm-27\/","og_locale":"en_US","og_type":"article","og_title":"Padella per flamb\u00e8 con manico di legno cm. 27 - Creartistic","og_description":"Padella cm. 27 Diametro cm. 27 Altezza cm. 4 Capacit\u00e0 2 litri Spessore 15\/10 Lunghezza del manico cm.23","og_url":"https:\/\/creartistic.it\/shop\/tegami\/padelle-per-flambe\/padella-per-flambe-con-manico-di-legno-cm-27\/","og_site_name":"Creartistic","article_modified_time":"2025-02-17T07:42:48+00:00","og_image":[{"width":1200,"height":900,"url":"https:\/\/creartistic.it\/wp-content\/uploads\/2023\/08\/Padella-per-flambe-con-manico-di-legno-cm.-27.jpg","type":"image\/jpeg"}],"twitter_card":"summary_large_image","twitter_misc":{"Est. reading time":"2 minutes"},"schema":{"@context":"https:\/\/schema.org","@graph":[{"@type":"WebPage","@id":"https:\/\/creartistic.it\/shop\/tegami\/padelle-per-flambe\/padella-per-flambe-con-manico-di-legno-cm-27\/","url":"https:\/\/creartistic.it\/shop\/tegami\/padelle-per-flambe\/padella-per-flambe-con-manico-di-legno-cm-27\/","name":"Padella per flamb\u00e8 con manico di legno cm. 27 - Creartistic","isPartOf":{"@id":"https:\/\/creartistic.it\/#website"},"primaryImageOfPage":{"@id":"https:\/\/creartistic.it\/shop\/tegami\/padelle-per-flambe\/padella-per-flambe-con-manico-di-legno-cm-27\/#primaryimage"},"image":{"@id":"https:\/\/creartistic.it\/shop\/tegami\/padelle-per-flambe\/padella-per-flambe-con-manico-di-legno-cm-27\/#primaryimage"},"thumbnailUrl":"https:\/\/creartistic.it\/wp-content\/uploads\/2023\/08\/Padella-per-flambe-con-manico-di-legno-cm.-27.jpg","datePublished":"2023-08-02T16:25:48+00:00","dateModified":"2025-02-17T07:42:48+00:00","breadcrumb":{"@id":"https:\/\/creartistic.it\/shop\/tegami\/padelle-per-flambe\/padella-per-flambe-con-manico-di-legno-cm-27\/#breadcrumb"},"inLanguage":"en-US","potentialAction":[{"@type":"ReadAction","target":["https:\/\/creartistic.it\/shop\/tegami\/padelle-per-flambe\/padella-per-flambe-con-manico-di-legno-cm-27\/"]}]},{"@type":"ImageObject","inLanguage":"en-US","@id":"https:\/\/creartistic.it\/shop\/tegami\/padelle-per-flambe\/padella-per-flambe-con-manico-di-legno-cm-27\/#primaryimage","url":"https:\/\/creartistic.it\/wp-content\/uploads\/2023\/08\/Padella-per-flambe-con-manico-di-legno-cm.-27.jpg","contentUrl":"https:\/\/creartistic.it\/wp-content\/uploads\/2023\/08\/Padella-per-flambe-con-manico-di-legno-cm.-27.jpg","width":1200,"height":900},{"@type":"BreadcrumbList","@id":"https:\/\/creartistic.it\/shop\/tegami\/padelle-per-flambe\/padella-per-flambe-con-manico-di-legno-cm-27\/#breadcrumb","itemListElement":[{"@type":"ListItem","position":1,"name":"Home","item":"https:\/\/creartistic.it\/en\/"},{"@type":"ListItem","position":2,"name":"Shop","item":"https:\/\/creartistic.it\/en\/shop\/"},{"@type":"ListItem","position":3,"name":"Padella per flamb\u00e8 con manico di legno cm. 27"}]},{"@type":"WebSite","@id":"https:\/\/creartistic.it\/#website","url":"https:\/\/creartistic.it\/","name":"Creartistic","description":"Creartistic","potentialAction":[{"@type":"SearchAction","target":{"@type":"EntryPoint","urlTemplate":"https:\/\/creartistic.it\/?s={search_term_string}"},"query-input":{"@type":"PropertyValueSpecification","valueRequired":true,"valueName":"search_term_string"}}],"inLanguage":"en-US"}]}},"_links":{"self":[{"href":"https:\/\/creartistic.it\/en\/wp-json\/wp\/v2\/product\/22605","targetHints":{"allow":["GET"]}}],"collection":[{"href":"https:\/\/creartistic.it\/en\/wp-json\/wp\/v2\/product"}],"about":[{"href":"https:\/\/creartistic.it\/en\/wp-json\/wp\/v2\/types\/product"}],"replies":[{"embeddable":true,"href":"https:\/\/creartistic.it\/en\/wp-json\/wp\/v2\/comments?post=22605"}],"wp:featuredmedia":[{"embeddable":true,"href":"https:\/\/creartistic.it\/en\/wp-json\/wp\/v2\/media\/22606"}],"wp:attachment":[{"href":"https:\/\/creartistic.it\/en\/wp-json\/wp\/v2\/media?parent=22605"}],"wp:term":[{"taxonomy":"product_cat","embeddable":true,"href":"https:\/\/creartistic.it\/en\/wp-json\/wp\/v2\/product_cat?post=22605"},{"taxonomy":"product_tag","embeddable":true,"href":"https:\/\/creartistic.it\/en\/wp-json\/wp\/v2\/product_tag?post=22605"}],"curies":[{"name":"wp","href":"https:\/\/api.w.org\/{rel}","templated":true}]}}